{"id":744,"date":"2018-08-08T10:40:28","date_gmt":"2018-08-08T10:40:28","guid":{"rendered":"https:\/\/attika.qodeinteractive.com\/?page_id=744"},"modified":"2024-06-18T11:32:32","modified_gmt":"2024-06-18T11:32:32","slug":"restaurant-history","status":"publish","type":"page","link":"https:\/\/mamamia-paris.com\/en\/restaurant-history","title":{"rendered":"Menu"},"content":{"rendered":"<div class=\"vc_row wpb_row vc_row-fluid vc_row-o-content-top vc_row-flex mkdf-content-aligment-center\" ><div class=\"wpb_column vc_column_container vc_col-sm-12\"><div class=\"vc_column-inner\"><div class=\"wpb_wrapper\"><div class=\"mkdf-elements-holder   mkdf-two-columns  mkdf-responsive-mode-1024\" ><div class=\"mkdf-eh-item  mkdf-vertical-alignment-top mkdf-horizontal-alignment-center\"  data-item-class=\"mkdf-eh-custom-6715\" data-1367-1600=\"0 0 0 13%\" data-1025-1366=\"0 0 0 15%\" data-769-1024=\"0 0 7% 9%\" data-681-768=\"0 0 6% 9%\" data-680=\"0 0 10% 5%\">\n\t<div class=\"mkdf-eh-item-inner\">\n\t\t<div class=\"mkdf-eh-item-content mkdf-eh-custom-6715\" style=\"padding: 0 0 0 38%\">\n\t\t\t<div class=\"mkdf-section-title-holder  mkdf-st-standard mkdf-st-title-left mkdf-st-normal-space\" style=\"padding:0 0 15% 0;text-align: left\">\n\t<div class=\"mkdf-st-inner\">\n\t\t\t\t\t<h2 class=\"mkdf-st-title\" >\n\t\t\t\tThe<br \/> NEW REFERENCE<br \/> ITALIAN CULINARY IN PARIS\t\t\t<\/h2>\n\t\t    <span class=\"mkdf-st-line\" style=\"margin: 50px 9% 0 14%; height: 120px\"><\/span>\n    <div class=\"mkdf-st-text\" style=\"margin-top: 45px;padding-right: 90px\">\n        Do you know someone who doesn't like the sunny, Mediterranean cuisine of our Italian friends? We don't, especially when it is expressed with finesse and delicacy.<\/p>\n<p>We invite you to discover a menu rich in flavors and colorful. What reconcile you with the (sometimes) gray sky of Paris.<\/p>\n<p>We saved the best for last\u2026 Did you guess? Tiramisu. Did you know it means \"give me strength\"? A word of advice: succumb, you will need it, the rest of the evening promises to be festive.    <\/div>\n\t<\/div>\n<\/div>\t\t<\/div>\n\t<\/div>\n<\/div><div class=\"mkdf-eh-item  mkdf-vertical-alignment-top\"  data-item-class=\"mkdf-eh-custom-4571\">\n\t<div class=\"mkdf-eh-item-inner\">\n\t\t<div class=\"mkdf-eh-item-content mkdf-eh-custom-4571\" style=\"padding: 0 0 0 9%\">\n\t\t\t<div class=\"mkdf-single-image-holder    mkdf-image-center\" >\n    <div class=\"mkdf-si-inner\" >\n                                    <img loading=\"lazy\" decoding=\"async\" width=\"1825\" height=\"2560\" src=\"https:\/\/mamamia-paris.com\/wp-content\/uploads\/2024\/06\/2024-Mamamia_Menu-A2_JUNE-scaled.jpg\" class=\"attachment-full size-full\" alt=\"\" srcset=\"https:\/\/mamamia-paris.com\/wp-content\/uploads\/2024\/06\/2024-Mamamia_Menu-A2_JUNE-scaled.jpg 1825w, https:\/\/mamamia-paris.com\/wp-content\/uploads\/2024\/06\/2024-Mamamia_Menu-A2_JUNE-214x300.jpg 214w, https:\/\/mamamia-paris.com\/wp-content\/uploads\/2024\/06\/2024-Mamamia_Menu-A2_JUNE-730x1024.jpg 730w, https:\/\/mamamia-paris.com\/wp-content\/uploads\/2024\/06\/2024-Mamamia_Menu-A2_JUNE-768x1077.jpg 768w, https:\/\/mamamia-paris.com\/wp-content\/uploads\/2024\/06\/2024-Mamamia_Menu-A2_JUNE-1095x1536.jpg 1095w, https:\/\/mamamia-paris.com\/wp-content\/uploads\/2024\/06\/2024-Mamamia_Menu-A2_JUNE-1460x2048.jpg 1460w, https:\/\/mamamia-paris.com\/wp-content\/uploads\/2024\/06\/2024-Mamamia_Menu-A2_JUNE-9x12.jpg 9w\" sizes=\"auto, (max-width: 1825px) 100vw, 1825px\" \/>                        <\/div>\n<\/div>\t\t<\/div>\n\t<\/div>\n<\/div><\/div><div class=\"vc_empty_space\"   style=\"height: 12px\"><span class=\"vc_empty_space_inner\"><\/span><\/div><\/div><\/div><\/div><\/div><div class=\"vc_row wpb_row vc_row-fluid vc_custom_1534513038512\" ><div class=\"wpb_column vc_column_container vc_col-sm-12\"><div class=\"vc_column-inner\"><div class=\"wpb_wrapper\"><div class=\"mkdf-row-grid-section-wrapper\" ><div class=\"mkdf-row-grid-section\"><div class=\"vc_row wpb_row vc_inner vc_row-fluid vc_row-o-content-top vc_row-flex\" ><div class=\"wpb_column vc_column_container vc_col-sm-1 vc_hidden-md vc_hidden-sm vc_hidden-xs\"><div class=\"vc_column-inner vc_custom_1534514381983\"><div class=\"wpb_wrapper\"><\/div><\/div><\/div><div class=\"wpb_column vc_column_container vc_col-sm-12 vc_col-lg-4 vc_col-md-5 vc_col-xs-12\"><div class=\"vc_column-inner vc_custom_1534514542346\"><div class=\"wpb_wrapper\"><div class=\"mkdf-single-image-holder\" data-parallax=\"{&quot;y&quot;: 30, &quot;smoothness&quot;: 30}\">\n    <div class=\"mkdf-si-inner\" >\n                                    <img loading=\"lazy\" decoding=\"async\" width=\"800\" height=\"1067\" src=\"https:\/\/mamamia-paris.com\/wp-content\/uploads\/2022\/02\/vongole-paris.jpg\" class=\"attachment-full size-full\" alt=\"\" srcset=\"https:\/\/mamamia-paris.com\/wp-content\/uploads\/2022\/02\/vongole-paris.jpg 800w, https:\/\/mamamia-paris.com\/wp-content\/uploads\/2022\/02\/vongole-paris-225x300.jpg 225w, https:\/\/mamamia-paris.com\/wp-content\/uploads\/2022\/02\/vongole-paris-768x1024.jpg 768w, https:\/\/mamamia-paris.com\/wp-content\/uploads\/2022\/02\/vongole-paris-9x12.jpg 9w\" sizes=\"auto, (max-width: 800px) 100vw, 800px\" \/>                        <\/div>\n<\/div><\/div><\/div><\/div><div class=\"wpb_column vc_column_container vc_col-sm-1 vc_col-lg-2 vc_col-md-1 vc_hidden-sm vc_hidden-xs\"><div class=\"vc_column-inner vc_custom_1534514550307\"><div class=\"wpb_wrapper\"><\/div><\/div><\/div><div class=\"wpb_column vc_column_container vc_col-sm-12 vc_col-lg-4 vc_col-md-6 vc_col-xs-12\"><div class=\"vc_column-inner vc_custom_1534514557722\"><div class=\"wpb_wrapper\"><div class=\"mkdf-section-title-holder  mkdf-st-standard mkdf-st-title-left mkdf-st-normal-space\" style=\"padding:0 0 15% 0;text-align: left\">\n\t<div class=\"mkdf-st-inner\">\n\t\t\t\t\t<h2 class=\"mkdf-st-title\" >\n\t\t\t\tThe<br \/> MAESTRO OF ITALIAN CULINARY ART!\t\t\t<\/h2>\n\t\t    <span class=\"mkdf-st-line\" style=\"margin: 50px 9% 0 14%; height: 120px\"><\/span>\n    <div class=\"mkdf-st-text\" style=\"margin-top: 20px;padding-right: 40px\">\n        Our chef, Giovanni, has surrounded himself with expert hands in the kitchen. An exceptional brigade made up of maestro of the Italian culinary art.<\/p>\n<p>No specialty escapes them, they will transport you along the Amalfi Coast, to Piazza del Duomo, from Bologna to Firenze! Our chef and his squadra will make all of Italy resonate on your plate.    <\/div>\n\t<\/div>\n<\/div><\/div><\/div><\/div><div class=\"wpb_column vc_column_container vc_col-sm-1 vc_hidden-md vc_hidden-sm vc_hidden-xs\"><div class=\"vc_column-inner vc_custom_1534514436317\"><div class=\"wpb_wrapper\"><\/div><\/div><\/div><div class=\"mkdf-row-parallax-background-elements-holder mkdf-parallax-elements-bottom\" ><div class=\"mkdf-row-parallax-left\"><img decoding=\"async\" class=\"mkdf-row-parallax-element\" src=\"https:\/\/mamamia-paris.com\/wp-content\/uploads\/2018\/08\/our-history-left-img.jpg\" alt=\"Left Parallax Background Element\"\/><\/div><\/div><\/div><\/div><\/div><\/div><\/div><\/div><\/div>","protected":false},"excerpt":{"rendered":"La nouvelle r\u00e9f\u00e9rence culinaire italienne \u00e0 Paris Connaissez-vous une personne qui n\u2019aime pas la cuisine ensoleill\u00e9e et m\u00e9diterran\u00e9enne de nos amis Italiens\u00a0? Nous non, d\u2019autant plus quand elle s\u2019exprime avec finesse et d\u00e9licatesse. Nous vous proposons de d\u00e9couvrir une carte [...]","protected":false},"author":1,"featured_media":0,"parent":0,"menu_order":0,"comment_status":"closed","ping_status":"closed","template":"full-width.php","meta":{"footnotes":""},"class_list":["post-744","page","type-page","status-publish","hentry"],"_links":{"self":[{"href":"https:\/\/mamamia-paris.com\/en\/wp-json\/wp\/v2\/pages\/744","targetHints":{"allow":["GET"]}}],"collection":[{"href":"https:\/\/mamamia-paris.com\/en\/wp-json\/wp\/v2\/pages"}],"about":[{"href":"https:\/\/mamamia-paris.com\/en\/wp-json\/wp\/v2\/types\/page"}],"author":[{"embeddable":true,"href":"https:\/\/mamamia-paris.com\/en\/wp-json\/wp\/v2\/users\/1"}],"replies":[{"embeddable":true,"href":"https:\/\/mamamia-paris.com\/en\/wp-json\/wp\/v2\/comments?post=744"}],"version-history":[{"count":38,"href":"https:\/\/mamamia-paris.com\/en\/wp-json\/wp\/v2\/pages\/744\/revisions"}],"predecessor-version":[{"id":3910,"href":"https:\/\/mamamia-paris.com\/en\/wp-json\/wp\/v2\/pages\/744\/revisions\/3910"}],"wp:attachment":[{"href":"https:\/\/mamamia-paris.com\/en\/wp-json\/wp\/v2\/media?parent=744"}],"curies":[{"name":"wp","href":"https:\/\/api.w.org\/{rel}","templated":true}]}}